{"id":2,"date":"2026-04-10T15:46:55","date_gmt":"2026-04-10T15:46:55","guid":{"rendered":"https:\/\/olemmeolemassa.fi\/?page_id=2"},"modified":"2026-04-10T16:09:16","modified_gmt":"2026-04-10T16:09:16","slug":"sample-page","status":"publish","type":"page","link":"https:\/\/olemmeolemassa.fi\/?page_id=2","title":{"rendered":"UKK"},"content":{"rendered":"\n<p><strong>Miksi aloitteessa ei esitet\u00e4 juridisten sukupuolimerkint\u00f6jen poistamista?<\/strong><\/p>\n\n\n\n<p>Niin kauan kuin juridista sukupuolimerkint\u00e4\u00e4 k\u00e4ytet\u00e4\u00e4n lukuisiin oikeudellisiin ja hallinnollisiin asioihin aina henkil\u00f6llisyysasiakirjoista perhe- ja vanhemmuusoikeuteen ja terveydenhuollosta tilastointiin ja tutkimukseen on t\u00e4rke\u00e4\u00e4, ett\u00e4 j\u00e4rjestelm\u00e4 tunnistaa ei bin\u00e4\u00e4risten ihmisten olemassaolon.<br><br>Sen tarkastelu, voitaisiinko n\u00e4it\u00e4 toimintoja toteuttaa ilman juridista sukupuolimerkint\u00e4\u00e4 on ehdottomasti paikallaan. T\u00e4m\u00e4 vaatii kuitenkin laajempaa yhteiskunnallista keskustelua. Ei-bin\u00e4\u00e4rinen juridinen sukupuolimerkint\u00e4 ei ratkaisisi kaikkia ongelmia, mutta se toisi akuuttia apua monille, jotka k\u00e4rsiv\u00e4t eri tavoin nykyisest\u00e4 kaksinapaisesta j\u00e4rjestelm\u00e4st\u00e4. Konkreettisesti t\u00e4m\u00e4 tarkoittaisi esimerkiksi sit\u00e4, ettei ei-bin\u00e4\u00e4risi\u00e4 ihmisi\u00e4 en\u00e4\u00e4 v\u00e4\u00e4rinsukupuolitettaisi miehiksi tai naisiksi virallisissa yhteyksiss\u00e4, tai ett\u00e4 olisi mahdollista ker\u00e4t\u00e4 tarkempaa dataa ei-bin\u00e4\u00e4risiin ihmisiin kohdistuvista tasa-arvo- ja muista ongelmista.<br><br>Ei-bin\u00e4\u00e4riset ihmiset ovat moninainen ryhm\u00e4, jota ei voi niputtaa yhteen. Se, ett\u00e4 kaikki ei-bin\u00e4\u00e4riset ihmiset eiv\u00e4t koe tarvetta sukupuolimerkinn\u00e4n vaihtamiselle ei poista sit\u00e4 tosiasiaa, ett\u00e4 monelle kolmas juridinen sukupuolimerkint\u00e4 olisi merkitt\u00e4v\u00e4 parannus nykytilaan. Heid\u00e4n toiveensa tulla tunnistetuksi kaksinapaisen mies-nainen-jaottelun ulkopuolella my\u00f6s lain silmiss\u00e4 on validi. T\u00e4h\u00e4n Olemme olemassa -kansalaisaloite pyrkii vastaamaan.<br><br>Olennaista on, ett\u00e4 merkint\u00e4 perustuu henkil\u00f6n omaan tahtoon, eik\u00e4 ket\u00e4\u00e4n pakoteta sit\u00e4 ottamaan. T\u00e4m\u00e4 on ollut kansalaisaloitteen l\u00e4ht\u00f6kohta alusta asti ja se on linjassa valtaosan suomalaisten sateenkaarij\u00e4rjest\u00f6jen n\u00e4kemysten kanssa.<br><br>Toistaiseksi yksik\u00e4\u00e4n maa ei ole t\u00e4ysin luopunut juridisista sukupuolimerkinn\u00f6ist\u00e4. T\u00e4m\u00e4 ei tarkoita, etteik\u00f6 asiaa tulisi tarkastella Suomessa ja maailmalla, mutta lyhyell\u00e4 t\u00e4ht\u00e4imell\u00e4 kolmannen juridisen sukupuolimerkinn\u00e4n lis\u00e4\u00e4minen on n\u00e4hd\u00e4ksemme realistisempi vaihtoehto, joka merkitt\u00e4v\u00e4sti parantaisi ei-bin\u00e4\u00e4risten ihmisten asemaa.<\/p>\n","protected":false},"excerpt":{"rendered":"<p>Miksi aloitteessa ei esitet\u00e4 juridisten sukupuolimerkint\u00f6jen poistamista? Niin kauan kuin juridista sukupuolimerkint\u00e4\u00e4 k\u00e4ytet\u00e4\u00e4n lukuisiin oikeudellisiin ja hallinnollisiin asioihin aina henkil\u00f6llisyysasiakirjoista perhe- ja vanhemmuusoikeuteen ja terveydenhuollosta tilastointiin ja tutkimukseen on t\u00e4rke\u00e4\u00e4, ett\u00e4 j\u00e4rjestelm\u00e4 tunnistaa ei bin\u00e4\u00e4risten ihmisten olemassaolon. Sen tarkastelu, voitaisiinko n\u00e4it\u00e4 toimintoja toteuttaa ilman juridista sukupuolimerkint\u00e4\u00e4 on ehdottomasti paikallaan. T\u00e4m\u00e4 vaatii kuitenkin laajempaa yhteiskunnallista keskustelua. [&hellip;]<\/p>\n","protected":false},"author":1,"featured_media":0,"parent":0,"menu_order":0,"comment_status":"closed","ping_status":"open","template":"","meta":{"footnotes":""},"class_list":["post-2","page","type-page","status-publish","hentry"],"_links":{"self":[{"href":"https:\/\/olemmeolemassa.fi\/index.php?rest_route=\/wp\/v2\/pages\/2","targetHints":{"allow":["GET"]}}],"collection":[{"href":"https:\/\/olemmeolemassa.fi\/index.php?rest_route=\/wp\/v2\/pages"}],"about":[{"href":"https:\/\/olemmeolemassa.fi\/index.php?rest_route=\/wp\/v2\/types\/page"}],"author":[{"embeddable":true,"href":"https:\/\/olemmeolemassa.fi\/index.php?rest_route=\/wp\/v2\/users\/1"}],"replies":[{"embeddable":true,"href":"https:\/\/olemmeolemassa.fi\/index.php?rest_route=%2Fwp%2Fv2%2Fcomments&post=2"}],"version-history":[{"count":3,"href":"https:\/\/olemmeolemassa.fi\/index.php?rest_route=\/wp\/v2\/pages\/2\/revisions"}],"predecessor-version":[{"id":11,"href":"https:\/\/olemmeolemassa.fi\/index.php?rest_route=\/wp\/v2\/pages\/2\/revisions\/11"}],"wp:attachment":[{"href":"https:\/\/olemmeolemassa.fi\/index.php?rest_route=%2Fwp%2Fv2%2Fmedia&parent=2"}],"curies":[{"name":"wp","href":"https:\/\/api.w.org\/{rel}","templated":true}]}}