{"id":12,"date":"2026-04-10T16:22:02","date_gmt":"2026-04-10T16:22:02","guid":{"rendered":"https:\/\/olemmeolemassa.fi\/?page_id=12"},"modified":"2026-04-10T16:22:02","modified_gmt":"2026-04-10T16:22:02","slug":"olemme-olemassa-kansalaisaloite","status":"publish","type":"page","link":"https:\/\/olemmeolemassa.fi\/","title":{"rendered":"Olemme olemassa &#8211; kansalaisaloite"},"content":{"rendered":"\n<p><a href=\"https:\/\/www.kansalaisaloite.fi\/fi\/aloite\/15996\">Linkki kansalaisaloitteeseen<\/a><\/p>\n\n\n\n<p>Saimme kasaan 55 466 kannatusilmoitusta! Valtavan suuri kiitos kaikille tuestanne. Kansalaisaloitteen kannatusilmoitusten keruuaika on p\u00e4\u00e4ttynyt 29.3.2026.<\/p>\n\n\n\n<p><strong>Aloitteen sis\u00e4lt\u00f6<\/strong><\/p>\n\n\n\n<p>Kansalaisaloite ei-bin\u00e4\u00e4risen, juridisen sukupuolimerkinn\u00e4n lis\u00e4\u00e4miseksi lakiin.<br><br>Me allekirjoittaneet ehdotamme, ett\u00e4 Suomeen luodaan kolmas, ei-bin\u00e4\u00e4rinen oikeudellinen sukupuolivaihtoehto jo olemassa olevien merkint\u00f6jen rinnalle. Vahvistamisen tulisi tapahtua omalla ilmoituksella itsem\u00e4\u00e4rittelyoikeutta kunnioittaen. T\u00e4m\u00e4 antaisi ihmisille mahdollisuuden m\u00e4\u00e4ritt\u00e4\u00e4 itse sukupuolensa.<br><br>Ei-bin\u00e4\u00e4rinen, kolmas juridinen sukupuolimerkint\u00e4 takaisi oikeuden el\u00e4m\u00e4\u00e4n kaksinapaisen mies-nainen-jaottelun ulkopuolella. Jokaisen on saatava tulla n\u00e4hdyksi omana itsen\u00e4\u00e4n lain edess\u00e4. Tavoitteen saavuttamiseksi kehotamme eduskuntaa antamaan valtioneuvostolle toimeksiannon lainvalmisteluun ryhtymisest\u00e4 ei-bin\u00e4\u00e4risen juridisen sukupuolimerkinn\u00e4n k\u00e4ytt\u00f6\u00f6nottamiseksi ja antavan asiaa koskevan hallituksen esityksen eduskunnalle mahdollisimman pian.<\/p>\n","protected":false},"excerpt":{"rendered":"<p>Linkki kansalaisaloitteeseen Saimme kasaan 55 466 kannatusilmoitusta! Valtavan suuri kiitos kaikille tuestanne. Kansalaisaloitteen kannatusilmoitusten keruuaika on p\u00e4\u00e4ttynyt 29.3.2026. Aloitteen sis\u00e4lt\u00f6 Kansalaisaloite ei-bin\u00e4\u00e4risen, juridisen sukupuolimerkinn\u00e4n lis\u00e4\u00e4miseksi lakiin. Me allekirjoittaneet ehdotamme, ett\u00e4 Suomeen luodaan kolmas, ei-bin\u00e4\u00e4rinen oikeudellinen sukupuolivaihtoehto jo olemassa olevien merkint\u00f6jen rinnalle. Vahvistamisen tulisi tapahtua omalla ilmoituksella itsem\u00e4\u00e4rittelyoikeutta kunnioittaen. T\u00e4m\u00e4 antaisi ihmisille mahdollisuuden m\u00e4\u00e4ritt\u00e4\u00e4 itse sukupuolensa. [&hellip;]<\/p>\n","protected":false},"author":1,"featured_media":0,"parent":0,"menu_order":0,"comment_status":"closed","ping_status":"closed","template":"","meta":{"footnotes":""},"class_list":["post-12","page","type-page","status-publish","hentry"],"_links":{"self":[{"href":"https:\/\/olemmeolemassa.fi\/index.php?rest_route=\/wp\/v2\/pages\/12","targetHints":{"allow":["GET"]}}],"collection":[{"href":"https:\/\/olemmeolemassa.fi\/index.php?rest_route=\/wp\/v2\/pages"}],"about":[{"href":"https:\/\/olemmeolemassa.fi\/index.php?rest_route=\/wp\/v2\/types\/page"}],"author":[{"embeddable":true,"href":"https:\/\/olemmeolemassa.fi\/index.php?rest_route=\/wp\/v2\/users\/1"}],"replies":[{"embeddable":true,"href":"https:\/\/olemmeolemassa.fi\/index.php?rest_route=%2Fwp%2Fv2%2Fcomments&post=12"}],"version-history":[{"count":1,"href":"https:\/\/olemmeolemassa.fi\/index.php?rest_route=\/wp\/v2\/pages\/12\/revisions"}],"predecessor-version":[{"id":13,"href":"https:\/\/olemmeolemassa.fi\/index.php?rest_route=\/wp\/v2\/pages\/12\/revisions\/13"}],"wp:attachment":[{"href":"https:\/\/olemmeolemassa.fi\/index.php?rest_route=%2Fwp%2Fv2%2Fmedia&parent=12"}],"curies":[{"name":"wp","href":"https:\/\/api.w.org\/{rel}","templated":true}]}}